{"id":2932,"date":"2016-03-26T14:00:44","date_gmt":"2016-03-26T14:00:44","guid":{"rendered":"https:\/\/demo2.chethemes.com\/electro\/product\/tablet-thin-elitebook-revolve-810-g6\/"},"modified":"2024-04-04T10:12:13","modified_gmt":"2024-04-04T13:12:13","slug":"tablet-thin-elitebook-revolve-810-g6","status":"publish","type":"product","link":"https:\/\/store.codetainer.com.br\/index.php\/product\/tablet-thin-elitebook-revolve-810-g6\/","title":{"rendered":"Carregador Port\u00e1til Power Bank 10000mAh"},"content":{"rendered":"<p>***Produto Certificado e Homologado pela Anatel***<\/p>\n<p>Que tal adquirir um Carregador port\u00e1til que vai facilitar a sua vida em casa e no trabalho ? Veja Agora os benef\u00edcios de se ter um e evite os problemas da bateria do seu celular acabar nos momentos mais importantes!<\/p>\n<p>Power Bank Pineng<\/p>\n<p>&#8211; Agite para come\u00e7ar a carregar;<br \/>\n&#8211; Uma sa\u00eddas Usb;<br \/>\n&#8211; Indicador de carga em LEDs;<br \/>\n&#8211; Usa bateria de pol\u00edmero para torna-lo mais fino e de alta performance;<br \/>\n&#8211; Tecnologia pass through charging, pode carregar seus dispositivos e ser recarregado ao mesmo tempo;<br \/>\n&#8211; Permite a recarga simult\u00e2nea de dois aparelhos com muito mais velocidade;<br \/>\n&#8211; Moderno sistema de gel, apresenta baixa dilata\u00e7\u00e3o e elimina riscos de vazamento;<br \/>\n&#8211; Chip inteligente de reconhecimento, detecta automaticamente a tens\u00e3o;<br \/>\n&#8211; Constru\u00eddo em prote\u00e7\u00e3o da bateria IC para evitar o excesso de carga, sobre o descarregamento e curto-circuito.<\/p>\n<p>Informa\u00e7\u00f5es t\u00e9cnicas:<\/p>\n<p>&#8211; Marca: Pineng<br \/>\n&#8211; Modelo: PN-951<br \/>\n&#8211; Produto: Power Bank<br \/>\n&#8211; Bateria: Pol\u00edmero de Litio<br \/>\n&#8211; Capacidade: 10.000mAh<br \/>\n&#8211; Capacidade da Bateria Interna: 3.7V\/10000mAh 37wh<br \/>\n&#8211; Entrada: Micro USB Dc 5v 2a<br \/>\n&#8211; Sa\u00edda Nominal: =6300mAh =31.5Wh<br \/>\n&#8211; Dupla Sa\u00edda Usb: 5v 2.1a, 5v 2.1a<br \/>\n&#8211; Sa\u00edda: DC5V 2.1A (built in cable) \/ DC5V 2.1A (usb port)<br \/>\n&#8211; Dura\u00e7\u00e3o de Bateria em Standby: 5000h<br \/>\n&#8211; Ciclo de Vida: 500 Recargas (1 Recarga = De 0 A 100)<br \/>\n&#8211; Temperatura em Trabalho: 0\u00b0C to 40\u00b0C<br \/>\n&#8211; Tempo Carregamento do Power Bank: 3-5 horas<br \/>\n&#8211; Medida do Cabo: 5cm<br \/>\n&#8211; Dimens\u00f5es: 156 x 77 x 12 mm<br \/>\n&#8211; Peso: 228g<\/p>\n","protected":false},"excerpt":{"rendered":"<ul>\n<li>Indicador de carga em LEDs;<\/li>\n<li>Usa bateria de pol\u00edmero para torna-lo mais fino e de alta performance;<\/li>\n<li>Tecnologia pass through charging, pode carregar seus dispositivos e ser recarregado ao mesmo tempo;<\/li>\n<li>Moderno sistema de gel, apresenta baixa dilata\u00e7\u00e3o e elimina riscos de vazamentoChip inteligente de reconhecimento, detecta automaticamente a tens\u00e3o;<\/li>\n<li>Constru\u00eddo em prote\u00e7\u00e3o da bateria IC para evitar o excesso de carga, sobre o descarregamento e curto-circuito.<\/li>\n<\/ul>\n","protected":false},"featured_media":5194,"comment_status":"open","ping_status":"closed","template":"","meta":[],"product_cat":[225],"product_tag":[],"_links":{"self":[{"href":"https:\/\/store.codetainer.com.br\/index.php\/wp-json\/wp\/v2\/product\/2932"}],"collection":[{"href":"https:\/\/store.codetainer.com.br\/index.php\/wp-json\/wp\/v2\/product"}],"about":[{"href":"https:\/\/store.codetainer.com.br\/index.php\/wp-json\/wp\/v2\/types\/product"}],"replies":[{"embeddable":true,"href":"https:\/\/store.codetainer.com.br\/index.php\/wp-json\/wp\/v2\/comments?post=2932"}],"wp:featuredmedia":[{"embeddable":true,"href":"https:\/\/store.codetainer.com.br\/index.php\/wp-json\/wp\/v2\/media\/5194"}],"wp:attachment":[{"href":"https:\/\/store.codetainer.com.br\/index.php\/wp-json\/wp\/v2\/media?parent=2932"}],"wp:term":[{"taxonomy":"product_cat","embeddable":true,"href":"https:\/\/store.codetainer.com.br\/index.php\/wp-json\/wp\/v2\/product_cat?post=2932"},{"taxonomy":"product_tag","embeddable":true,"href":"https:\/\/store.codetainer.com.br\/index.php\/wp-json\/wp\/v2\/product_tag?post=2932"}],"curies":[{"name":"wp","href":"https:\/\/api.w.org\/{rel}","templated":true}]}}